
{"id":76,"date":"2025-11-05T14:24:37","date_gmt":"2025-11-05T11:24:37","guid":{"rendered":"https:\/\/nextist.com\/\/?page_id=76"},"modified":"2025-11-05T14:25:40","modified_gmt":"2025-11-05T11:25:40","slug":"vizyon-misyon","status":"publish","type":"page","link":"https:\/\/nextist.com\/en\/vision-mission\/","title":{"rendered":"Vision Mission"},"content":{"rendered":"<div data-elementor-type=\"wp-page\" data-elementor-id=\"76\" class=\"elementor elementor-76\">\n\t\t\t\t<div class=\"elementor-element elementor-element-43ac41e e-flex e-con-boxed e-con e-parent\" data-id=\"43ac41e\" data-element_type=\"container\">\n\t\t\t\t\t<div class=\"e-con-inner\">\n\t\t\t\t<div class=\"elementor-element elementor-element-a8667c3 elementor-widget elementor-widget-heading\" data-id=\"a8667c3\" data-element_type=\"widget\" data-widget_type=\"heading.default\">\n\t\t\t\t\t<h2 class=\"elementor-heading-title elementor-size-default\">Our Vision<\/h2>\t\t\t\t<\/div>\n\t\t\t\t<div class=\"elementor-element elementor-element-2aa1ed1 elementor-widget elementor-widget-text-editor\" data-id=\"2aa1ed1\" data-element_type=\"widget\" data-widget_type=\"text-editor.default\">\n\t\t\t\t\t\t\t\t\t<p>Our vision is to help companies increase their financial sustainability, enabling them to become strong and influential players in the global financial system. Our primary goal is to build sound capital structures through strategic decisions and deliver solutions that create long-term value.<\/p>\t\t\t\t\t\t\t\t<\/div>\n\t\t\t\t\t<\/div>\n\t\t\t\t<\/div>\n\t\t<div class=\"elementor-element elementor-element-c5e9f19 e-flex e-con-boxed e-con e-parent\" data-id=\"c5e9f19\" data-element_type=\"container\">\n\t\t\t\t\t<div class=\"e-con-inner\">\n\t\t\t\t<div class=\"elementor-element elementor-element-02f7a25 elementor-widget elementor-widget-heading\" data-id=\"02f7a25\" data-element_type=\"widget\" data-widget_type=\"heading.default\">\n\t\t\t\t\t<h2 class=\"elementor-heading-title elementor-size-default\">Our Mission<\/h2>\t\t\t\t<\/div>\n\t\t\t\t<div class=\"elementor-element elementor-element-6ae61d5 elementor-widget elementor-widget-text-editor\" data-id=\"6ae61d5\" data-element_type=\"widget\" data-widget_type=\"text-editor.default\">\n\t\t\t\t\t\t\t\t\t<p>Our mission is to help companies achieve sustainable success by designing the most appropriate financial solutions for their growth, investment, and restructuring processes. We provide strategic guidance to investors and management teams, offering customized solutions tailored to each company's specific needs.<\/p>\t\t\t\t\t\t\t\t<\/div>\n\t\t\t\t\t<\/div>\n\t\t\t\t<\/div>\n\t\t\t\t<\/div>","protected":false},"excerpt":{"rendered":"<p>Vizyonumuz Vizyonumuz, \u015firketlerin finansal s\u00fcrd\u00fcr\u00fclebilirliklerini art\u0131rmalar\u0131na yard\u0131mc\u0131 olarak, k\u00fcresel finansal sistemde g\u00fc\u00e7l\u00fc ve etkili bir oyuncu olmalar\u0131n\u0131 sa\u011flamakt\u0131r. Stratejik kararlarla do\u011fru sermaye yap\u0131lar\u0131n\u0131 olu\u015fturmak ve uzun vadeli de\u011fer yaratacak \u00e7\u00f6z\u00fcmler sunmak, bizim i\u00e7in \u00f6ncelikli hedeftir. Misyonumuz Misyonumuz, firmalar\u0131n b\u00fcy\u00fcme, yat\u0131r\u0131m ve yeniden yap\u0131lanma s\u00fcre\u00e7lerinde en uygun finansal \u00e7\u00f6z\u00fcmleri tasarlayarak, s\u00fcrd\u00fcr\u00fclebilir ba\u015far\u0131y\u0131 elde etmelerine katk\u0131 sa\u011flamakt\u0131r. [&hellip;]<\/p>","protected":false},"author":1,"featured_media":0,"parent":0,"menu_order":0,"comment_status":"closed","ping_status":"closed","template":"","meta":{"footnotes":""},"class_list":["post-76","page","type-page","status-publish","hentry"],"_links":{"self":[{"href":"https:\/\/nextist.com\/en\/wp-json\/wp\/v2\/pages\/76","targetHints":{"allow":["GET"]}}],"collection":[{"href":"https:\/\/nextist.com\/en\/wp-json\/wp\/v2\/pages"}],"about":[{"href":"https:\/\/nextist.com\/en\/wp-json\/wp\/v2\/types\/page"}],"author":[{"embeddable":true,"href":"https:\/\/nextist.com\/en\/wp-json\/wp\/v2\/users\/1"}],"replies":[{"embeddable":true,"href":"https:\/\/nextist.com\/en\/wp-json\/wp\/v2\/comments?post=76"}],"version-history":[{"count":7,"href":"https:\/\/nextist.com\/en\/wp-json\/wp\/v2\/pages\/76\/revisions"}],"predecessor-version":[{"id":83,"href":"https:\/\/nextist.com\/en\/wp-json\/wp\/v2\/pages\/76\/revisions\/83"}],"wp:attachment":[{"href":"https:\/\/nextist.com\/en\/wp-json\/wp\/v2\/media?parent=76"}],"curies":[{"name":"wp","href":"https:\/\/api.w.org\/{rel}","templated":true}]}}