
{"id":57,"date":"2025-11-05T13:34:19","date_gmt":"2025-11-05T10:34:19","guid":{"rendered":"https:\/\/nextist.com\/\/?page_id=57"},"modified":"2025-11-17T14:12:41","modified_gmt":"2025-11-17T11:12:41","slug":"hakkimizda","status":"publish","type":"page","link":"https:\/\/nextist.com\/en\/about-us\/","title":{"rendered":"About Us"},"content":{"rendered":"<div data-elementor-type=\"wp-page\" data-elementor-id=\"57\" class=\"elementor elementor-57\">\n\t\t\t\t<div class=\"elementor-element elementor-element-7d0aad0 e-flex e-con-boxed e-con e-parent\" data-id=\"7d0aad0\" data-element_type=\"container\">\n\t\t\t\t\t<div class=\"e-con-inner\">\n\t\t<div class=\"elementor-element elementor-element-dbe66ca e-con-full e-flex e-con e-child\" data-id=\"dbe66ca\" data-element_type=\"container\">\n\t\t\t\t<div class=\"elementor-element elementor-element-b13d1e6 elementor-widget elementor-widget-heading\" data-id=\"b13d1e6\" data-element_type=\"widget\" data-widget_type=\"heading.default\">\n\t\t\t\t\t<h2 class=\"elementor-heading-title elementor-size-default\">About Us<\/h2>\t\t\t\t<\/div>\n\t\t\t\t<div class=\"elementor-element elementor-element-e487443 elementor-widget elementor-widget-text-editor\" data-id=\"e487443\" data-element_type=\"widget\" data-widget_type=\"text-editor.default\">\n\t\t\t\t\t\t\t\t\t<p><span style=\"font-size: 17.6px;\">Nextist Capital is an advisory firm specializing in corporate finance, fund structuring, and strategic management.<\/span>Our team is composed of senior executives with long-standing experience in both banking and the real sector.<\/p><p><br><\/p>\n<p>This allows us to offer not only financial modeling or analysis, but also a perspective that understands the real dynamics of the business. Our difference is that we come from the real sector.<\/p>\t\t\t\t\t\t\t\t<\/div>\n\t\t\t\t<\/div>\n\t\t<div class=\"elementor-element elementor-element-6ce22b9 e-con-full e-flex e-con e-child\" data-id=\"6ce22b9\" data-element_type=\"container\">\n\t\t\t\t<div class=\"elementor-element elementor-element-13c4803 elementor-widget elementor-widget-image\" data-id=\"13c4803\" data-element_type=\"widget\" data-widget_type=\"image.default\">\n\t\t\t\t\t\t\t\t\t\t\t\t\t\t\t<img fetchpriority=\"high\" decoding=\"async\" width=\"768\" height=\"1024\" src=\"https:\/\/nextist.com\/wp-content\/uploads\/2025\/11\/aboutus-768x1024.webp\" class=\"attachment-large size-large wp-image-62\" alt=\"\" srcset=\"https:\/\/nextist.com\/wp-content\/uploads\/2025\/11\/aboutus-768x1024.webp 768w, https:\/\/nextist.com\/wp-content\/uploads\/2025\/11\/aboutus-225x300.webp 225w, https:\/\/nextist.com\/wp-content\/uploads\/2025\/11\/aboutus.webp 864w\" sizes=\"(max-width: 768px) 100vw, 768px\" \/>\t\t\t\t\t\t\t\t\t\t\t\t\t\t\t<\/div>\n\t\t\t\t<\/div>\n\t\t<div class=\"elementor-element elementor-element-7b9d4d9 e-con-full e-flex e-con e-child\" data-id=\"7b9d4d9\" data-element_type=\"container\">\n\t\t\t\t<div class=\"elementor-element elementor-element-10ed911 elementor-widget elementor-widget-image\" data-id=\"10ed911\" data-element_type=\"widget\" data-widget_type=\"image.default\">\n\t\t\t\t\t\t\t\t\t\t\t\t\t\t\t<img decoding=\"async\" width=\"1024\" height=\"819\" src=\"https:\/\/nextist.com\/wp-content\/uploads\/2025\/11\/aboutus2-1024x819.webp\" class=\"attachment-large size-large wp-image-67\" alt=\"\" srcset=\"https:\/\/nextist.com\/wp-content\/uploads\/2025\/11\/aboutus2-1024x819.webp 1024w, https:\/\/nextist.com\/wp-content\/uploads\/2025\/11\/aboutus2-300x240.webp 300w, https:\/\/nextist.com\/wp-content\/uploads\/2025\/11\/aboutus2-768x614.webp 768w, https:\/\/nextist.com\/wp-content\/uploads\/2025\/11\/aboutus2.webp 1120w\" sizes=\"(max-width: 1024px) 100vw, 1024px\" \/>\t\t\t\t\t\t\t\t\t\t\t\t\t\t\t<\/div>\n\t\t\t\t<\/div>\n\t\t<div class=\"elementor-element elementor-element-b1c5874 e-con-full e-flex e-con e-child\" data-id=\"b1c5874\" data-element_type=\"container\">\n\t\t\t\t<div class=\"elementor-element elementor-element-dae0940 elementor-widget elementor-widget-text-editor\" data-id=\"dae0940\" data-element_type=\"widget\" data-widget_type=\"text-editor.default\">\n\t\t\t\t\t\t\t\t\t<p style=\"font-size: 17.6px; color: rgb(82, 82, 91);\">We have been on the same side as the companies we now advise \u2014 facing capital structure challenges, cash flow management, and market realities firsthand. This makes us a practical, experience-driven advisory partner, not just a theoretical consultant.<\/p><p style=\"font-size: 17.6px; color: rgb(82, 82, 91);\"><br><\/p>\n<p style=\"font-size: 17.6px; color: rgb(82, 82, 91);\">Our mission is to provide financial and strategic solutions that help our clients achieve sustainable growth.<\/p>\t\t\t\t\t\t\t\t<\/div>\n\t\t\t\t<\/div>\n\t\t\t\t\t<\/div>\n\t\t\t\t<\/div>\n\t\t\t\t<\/div>","protected":false},"excerpt":{"rendered":"<p>Hakk\u0131m\u0131zda Nextist Capital, kurumsal finansman, fon kurulumu ve stratejik y\u00f6netim alanlar\u0131nda faaliyet g\u00f6steren bir dan\u0131\u015fmanl\u0131k \u015firketidir.Ekibimiz, bankac\u0131l\u0131k, finans ve reel sekt\u00f6rde uzun y\u0131llar \u00fcst d\u00fczey y\u00f6netici olarak g\u00f6rev yapm\u0131\u015f profesyonellerden olu\u015fur. Bu sayede yaln\u0131zca finansal modelleme ya da analiz de\u011fil, i\u015fin ger\u00e7ek dinamiklerini bilen bir bak\u0131\u015f a\u00e7\u0131s\u0131 sunar\u0131z.Bizim fark\u0131m\u0131z, reel sekt\u00f6rden geliyor olmam\u0131zd\u0131r. Dan\u0131\u015fmanl\u0131k verdi\u011fimiz [&hellip;]<\/p>","protected":false},"author":1,"featured_media":0,"parent":0,"menu_order":0,"comment_status":"closed","ping_status":"closed","template":"","meta":{"footnotes":""},"class_list":["post-57","page","type-page","status-publish","hentry"],"_links":{"self":[{"href":"https:\/\/nextist.com\/en\/wp-json\/wp\/v2\/pages\/57","targetHints":{"allow":["GET"]}}],"collection":[{"href":"https:\/\/nextist.com\/en\/wp-json\/wp\/v2\/pages"}],"about":[{"href":"https:\/\/nextist.com\/en\/wp-json\/wp\/v2\/types\/page"}],"author":[{"embeddable":true,"href":"https:\/\/nextist.com\/en\/wp-json\/wp\/v2\/users\/1"}],"replies":[{"embeddable":true,"href":"https:\/\/nextist.com\/en\/wp-json\/wp\/v2\/comments?post=57"}],"version-history":[{"count":17,"href":"https:\/\/nextist.com\/en\/wp-json\/wp\/v2\/pages\/57\/revisions"}],"predecessor-version":[{"id":267,"href":"https:\/\/nextist.com\/en\/wp-json\/wp\/v2\/pages\/57\/revisions\/267"}],"wp:attachment":[{"href":"https:\/\/nextist.com\/en\/wp-json\/wp\/v2\/media?parent=57"}],"curies":[{"name":"wp","href":"https:\/\/api.w.org\/{rel}","templated":true}]}}